{"id":4310,"date":"2024-05-07T13:53:06","date_gmt":"2024-05-07T11:53:06","guid":{"rendered":"https:\/\/stockholmhostel.se\/?page_id=4310"},"modified":"2025-05-22T09:48:19","modified_gmt":"2025-05-22T07:48:19","slug":"mit-uns-arbeiten","status":"publish","type":"page","link":"https:\/\/stockholmhostel.se\/de\/mit-uns-arbeiten\/","title":{"rendered":"Arbeiten Sie mit uns"},"content":{"rendered":"<div data-elementor-type=\"wp-page\" data-elementor-id=\"4310\" class=\"elementor elementor-4310\" data-elementor-post-type=\"page\">\n\t\t\t\t\t\t<section class=\"elementor-section elementor-top-section elementor-element elementor-element-8483546 elementor-section-height-full elementor-section-stretched elementor-section-content-middle elementor-section-boxed elementor-section-height-default elementor-section-items-middle\" data-id=\"8483546\" data-element_type=\"section\" data-e-type=\"section\" data-settings=\"{&quot;stretch_section&quot;:&quot;section-stretched&quot;,&quot;background_background&quot;:&quot;classic&quot;}\">\n\t\t\t\t\t\t<div class=\"elementor-container elementor-column-gap-default\">\n\t\t\t\t\t<div class=\"elementor-column elementor-col-100 elementor-top-column elementor-element elementor-element-486eb63\" data-id=\"486eb63\" data-element_type=\"column\" data-e-type=\"column\">\n\t\t\t<div class=\"elementor-widget-wrap elementor-element-populated\">\n\t\t\t\t\t\t<div class=\"elementor-element elementor-element-04f6649 elementor-hidden-desktop elementor-widget elementor-widget-spacer\" data-id=\"04f6649\" data-element_type=\"widget\" data-e-type=\"widget\" data-widget_type=\"spacer.default\">\n\t\t\t\t<div class=\"elementor-widget-container\">\n\t\t\t\t\t\t\t<div class=\"elementor-spacer\">\n\t\t\t<div class=\"elementor-spacer-inner\"><\/div>\n\t\t<\/div>\n\t\t\t\t\t\t<\/div>\n\t\t\t\t<\/div>\n\t\t\t\t<div class=\"elementor-element elementor-element-97886f1 elementor-widget elementor-widget-heading\" data-id=\"97886f1\" data-element_type=\"widget\" data-e-type=\"widget\" data-widget_type=\"heading.default\">\n\t\t\t\t<div class=\"elementor-widget-container\">\n\t\t\t\t\t<h1 class=\"elementor-heading-title elementor-size-default\">Arbeiten Sie mit uns <\/h1>\t\t\t\t<\/div>\n\t\t\t\t<\/div>\n\t\t\t\t<div class=\"elementor-element elementor-element-0a8ea43 elementor-widget__width-initial elementor-widget elementor-widget-heading\" data-id=\"0a8ea43\" data-element_type=\"widget\" data-e-type=\"widget\" data-widget_type=\"heading.default\">\n\t\t\t\t<div class=\"elementor-widget-container\">\n\t\t\t\t\t<h2 class=\"elementor-heading-title elementor-size-default\">Herberge Stockholm<\/h2>\t\t\t\t<\/div>\n\t\t\t\t<\/div>\n\t\t\t\t\t<\/div>\n\t\t<\/div>\n\t\t\t\t\t<\/div>\n\t\t<\/section>\n\t\t<!-- dce invisible element 0f50722 -->\t\t<section class=\"elementor-section elementor-top-section elementor-element elementor-element-8ea1155 elementor-section-full_width elementor-section-stretched elementor-section-height-default elementor-section-height-default\" data-id=\"8ea1155\" data-element_type=\"section\" data-e-type=\"section\" data-settings=\"{&quot;stretch_section&quot;:&quot;section-stretched&quot;}\">\n\t\t\t\t\t\t<div class=\"elementor-container elementor-column-gap-default\">\n\t\t\t\t\t<div class=\"elementor-column elementor-col-50 elementor-top-column elementor-element elementor-element-3d2f3fe\" data-id=\"3d2f3fe\" data-element_type=\"column\" data-e-type=\"column\">\n\t\t\t<div class=\"elementor-widget-wrap elementor-element-populated\">\n\t\t\t\t\t\t<div class=\"elementor-element elementor-element-2d58d5e elementor-widget elementor-widget-spacer\" data-id=\"2d58d5e\" data-element_type=\"widget\" data-e-type=\"widget\" data-widget_type=\"spacer.default\">\n\t\t\t\t<div class=\"elementor-widget-container\">\n\t\t\t\t\t\t\t<div class=\"elementor-spacer\">\n\t\t\t<div class=\"elementor-spacer-inner\"><\/div>\n\t\t<\/div>\n\t\t\t\t\t\t<\/div>\n\t\t\t\t<\/div>\n\t\t\t\t<div class=\"elementor-element elementor-element-bf912eb elementor-widget elementor-widget-heading\" data-id=\"bf912eb\" data-element_type=\"widget\" data-e-type=\"widget\" data-widget_type=\"heading.default\">\n\t\t\t\t<div class=\"elementor-widget-container\">\n\t\t\t\t\t<h2 class=\"elementor-heading-title elementor-size-default\">Reinigung<\/h2>\t\t\t\t<\/div>\n\t\t\t\t<\/div>\n\t\t\t\t<div class=\"elementor-element elementor-element-c54851e elementor-widget elementor-widget-text-editor\" data-id=\"c54851e\" data-element_type=\"widget\" data-e-type=\"widget\" data-widget_type=\"text-editor.default\">\n\t\t\t\t<div class=\"elementor-widget-container\">\n\t\t\t\t\t\t\t\t\t<p style=\"text-align: left;\"><span style=\"font-size: 17px; letter-spacing: 0px;\">Um unsere G\u00e4ste zufrieden zu stellen, spielt das Housekeeping eine entscheidende Rolle f\u00fcr den reibungslosen Betrieb des Hostels. Es geht nicht nur darum, unsere Zimmer sauber und ordentlich zu halten, sondern auch darum, unsere G\u00e4ste zu empfangen und ihnen einen angenehmen Aufenthalt in der Jugendherberge Stockholm zu erm\u00f6glichen.<\/span><\/p>\t\t\t\t\t\t\t\t<\/div>\n\t\t\t\t<\/div>\n\t\t\t\t\t<\/div>\n\t\t<\/div>\n\t\t\t\t<div class=\"elementor-column elementor-col-50 elementor-top-column elementor-element elementor-element-0934e69\" data-id=\"0934e69\" data-element_type=\"column\" data-e-type=\"column\" data-settings=\"{&quot;background_background&quot;:&quot;classic&quot;}\">\n\t\t\t<div class=\"elementor-widget-wrap elementor-element-populated\">\n\t\t\t\t\t\t<div class=\"elementor-element elementor-element-37058c8 elementor-widget elementor-widget-image\" data-id=\"37058c8\" data-element_type=\"widget\" data-e-type=\"widget\" data-widget_type=\"image.default\">\n\t\t\t\t<div class=\"elementor-widget-container\">\n\t\t\t\t\t\t\t\t\t\t\t\t\t\t\t<img fetchpriority=\"high\" decoding=\"async\" width=\"1024\" height=\"683\" src=\"https:\/\/stockholmhostel.se\/wp-content\/uploads\/2024\/02\/beautiful-young-adult-traveling-city-1024x683.jpg\" class=\"attachment-large size-large wp-image-4078\" alt=\"aktivit\u00e4ten in stockholm\" srcset=\"https:\/\/stockholmhostel.se\/wp-content\/uploads\/2024\/02\/beautiful-young-adult-traveling-city-1024x683.jpg 1024w, https:\/\/stockholmhostel.se\/wp-content\/uploads\/2024\/02\/beautiful-young-adult-traveling-city-300x200.jpg 300w, https:\/\/stockholmhostel.se\/wp-content\/uploads\/2024\/02\/beautiful-young-adult-traveling-city-768x512.jpg 768w, https:\/\/stockholmhostel.se\/wp-content\/uploads\/2024\/02\/beautiful-young-adult-traveling-city-1536x1024.jpg 1536w, https:\/\/stockholmhostel.se\/wp-content\/uploads\/2024\/02\/beautiful-young-adult-traveling-city-2048x1365.jpg 2048w, https:\/\/stockholmhostel.se\/wp-content\/uploads\/2024\/02\/beautiful-young-adult-traveling-city-700x466.jpg 700w, https:\/\/stockholmhostel.se\/wp-content\/uploads\/2024\/02\/beautiful-young-adult-traveling-city-440x293.jpg 440w\" sizes=\"(max-width: 1024px) 100vw, 1024px\" \/>\t\t\t\t\t\t\t\t\t\t\t\t\t\t\t<\/div>\n\t\t\t\t<\/div>\n\t\t\t\t\t<\/div>\n\t\t<\/div>\n\t\t\t\t\t<\/div>\n\t\t<\/section>\n\t\t\t\t<section class=\"elementor-section elementor-top-section elementor-element elementor-element-92095af elementor-section-full_width elementor-section-stretched elementor-section-height-default elementor-section-height-default\" data-id=\"92095af\" data-element_type=\"section\" data-e-type=\"section\" data-settings=\"{&quot;stretch_section&quot;:&quot;section-stretched&quot;,&quot;background_background&quot;:&quot;classic&quot;}\">\n\t\t\t\t\t\t<div class=\"elementor-container elementor-column-gap-default\">\n\t\t\t\t\t<div class=\"elementor-column elementor-col-66 elementor-top-column elementor-element elementor-element-784dbaa\" data-id=\"784dbaa\" data-element_type=\"column\" data-e-type=\"column\">\n\t\t\t<div class=\"elementor-widget-wrap elementor-element-populated\">\n\t\t\t\t\t\t<div class=\"elementor-element elementor-element-75a9e3c elementor-widget elementor-widget-image\" data-id=\"75a9e3c\" data-element_type=\"widget\" data-e-type=\"widget\" data-widget_type=\"image.default\">\n\t\t\t\t<div class=\"elementor-widget-container\">\n\t\t\t\t\t\t\t\t\t\t\t\t\t\t\t<img decoding=\"async\" width=\"1024\" height=\"586\" src=\"https:\/\/stockholmhostel.se\/wp-content\/uploads\/2023\/10\/1-1024x586.png\" class=\"attachment-large size-large wp-image-3942\" alt=\"1\" srcset=\"https:\/\/stockholmhostel.se\/wp-content\/uploads\/2023\/10\/1-1024x586.png 1024w, https:\/\/stockholmhostel.se\/wp-content\/uploads\/2023\/10\/1-300x172.png 300w, https:\/\/stockholmhostel.se\/wp-content\/uploads\/2023\/10\/1-768x440.png 768w, https:\/\/stockholmhostel.se\/wp-content\/uploads\/2023\/10\/1-440x252.png 440w, https:\/\/stockholmhostel.se\/wp-content\/uploads\/2023\/10\/1.png 1100w\" sizes=\"(max-width: 1024px) 100vw, 1024px\" \/>\t\t\t\t\t\t\t\t\t\t\t\t\t\t\t<\/div>\n\t\t\t\t<\/div>\n\t\t\t\t\t<\/div>\n\t\t<\/div>\n\t\t\t\t<div class=\"elementor-column elementor-col-33 elementor-top-column elementor-element elementor-element-ce007df\" data-id=\"ce007df\" data-element_type=\"column\" data-e-type=\"column\">\n\t\t\t<div class=\"elementor-widget-wrap elementor-element-populated\">\n\t\t\t\t\t\t<div class=\"elementor-element elementor-element-496b419 elementor-widget__width-auto elementor-widget elementor-widget-heading\" data-id=\"496b419\" data-element_type=\"widget\" data-e-type=\"widget\" data-widget_type=\"heading.default\">\n\t\t\t\t<div class=\"elementor-widget-container\">\n\t\t\t\t\t<h2 class=\"elementor-heading-title elementor-size-default\"><span style=\"font-weight:normal\"><p dir=\"ltr\" style=\"line-height:1.38;margin-top:0pt;margin-bottom:0pt\"><span style=\"color: var( --e-global-color-7d105d0 );font-family: Dala-floda, sans-serif;font-size: 55px;font-style: normal;font-weight: 700;letter-spacing: 0px\">Ehrenamtliche Mitarbeiter<\/span><span style=\"color: var( --e-global-color-7d105d0 );font-family: Dala-floda, sans-serif;font-size: 55px;font-style: normal;font-weight: 700;letter-spacing: 0px\"><\/span><\/p><\/span><\/h2>\t\t\t\t<\/div>\n\t\t\t\t<\/div>\n\t\t\t\t<div class=\"elementor-element elementor-element-d058c6a elementor-widget elementor-widget-text-editor\" data-id=\"d058c6a\" data-element_type=\"widget\" data-e-type=\"widget\" data-widget_type=\"text-editor.default\">\n\t\t\t\t<div class=\"elementor-widget-container\">\n\t\t\t\t\t\t\t\t\t<p style=\"text-align: left;\">Bei dieser Rolle geht es um die M\u00f6glichkeit, nach Stockholm zu kommen und in der Jugendherberge zu wohnen (Sie erhalten Ihr eigenes Zimmer und die Erstattung der Lebensmittelkosten). <br \/><br \/>Sie werden gebeten, uns bei der Aufrechterhaltung der t\u00e4glichen Abl\u00e4ufe in der Herberge zu helfen. Dazu geh\u00f6ren einige Reinigungsarbeiten und die Augen und Ohren des Hostels zu sein, das Telefon zu beantworten usw. Dies ist eine M\u00f6glichkeit f\u00fcr dich, direkt im Stadtzentrum zu wohnen und Stockholm zu erkunden!<\/p>\t\t\t\t\t\t\t\t<\/div>\n\t\t\t\t<\/div>\n\t\t\t\t\t<\/div>\n\t\t<\/div>\n\t\t\t\t\t<\/div>\n\t\t<\/section>\n\t\t\t\t<section class=\"elementor-section elementor-top-section elementor-element elementor-element-547ba75 elementor-section-full_width elementor-section-stretched elementor-section-height-default elementor-section-height-default\" data-id=\"547ba75\" data-element_type=\"section\" data-e-type=\"section\" id=\"explore\" data-settings=\"{&quot;stretch_section&quot;:&quot;section-stretched&quot;,&quot;background_background&quot;:&quot;classic&quot;}\">\n\t\t\t\t\t\t<div class=\"elementor-container elementor-column-gap-default\">\n\t\t\t\t\t<div class=\"elementor-column elementor-col-100 elementor-top-column elementor-element elementor-element-886aee4\" data-id=\"886aee4\" data-element_type=\"column\" data-e-type=\"column\">\n\t\t\t<div class=\"elementor-widget-wrap elementor-element-populated\">\n\t\t\t\t\t\t<div class=\"elementor-element elementor-element-26c7143 elementor-widget-mobile__width-inherit elementor-widget elementor-widget-heading\" data-id=\"26c7143\" data-element_type=\"widget\" data-e-type=\"widget\" data-widget_type=\"heading.default\">\n\t\t\t\t<div class=\"elementor-widget-container\">\n\t\t\t\t\t<h2 class=\"elementor-heading-title elementor-size-default\">Heute bewerben<\/h2>\t\t\t\t<\/div>\n\t\t\t\t<\/div>\n\t\t\t\t<div class=\"elementor-element elementor-element-662fde8 elementor-widget elementor-widget-heading\" data-id=\"662fde8\" data-element_type=\"widget\" data-e-type=\"widget\" data-widget_type=\"heading.default\">\n\t\t\t\t<div class=\"elementor-widget-container\">\n\t\t\t\t\t<h2 class=\"elementor-heading-title elementor-size-default\">Senden Sie Ihren Lebenslauf f\u00fcr Ihre Bewerbung separat an info@stockholmhostel.se<\/h2>\t\t\t\t<\/div>\n\t\t\t\t<\/div>\n\t\t\t\t\t<\/div>\n\t\t<\/div>\n\t\t\t\t\t<\/div>\n\t\t<\/section>\n\t\t\t\t<\/div>","protected":false},"excerpt":{"rendered":"<p>Jobba med oss Stockholm Hostel Receptionspersonal Vi letar efter fler receptionister! Det \u00e4r utm\u00e4rkt om du har tidigare erfarenhet av receptionistarbete, men f\u00f6r r\u00e4tt person kommer vi att utbilda dig i v\u00e5ra system. Vi v\u00e4lkomnar alla att ans\u00f6ka som k\u00e4nner [&hellip;]<\/p>\n","protected":false},"author":33,"featured_media":0,"parent":0,"menu_order":0,"comment_status":"closed","ping_status":"closed","template":"","meta":{"_monsterinsights_skip_tracking":false,"_monsterinsights_sitenote_active":false,"_monsterinsights_sitenote_note":"","_monsterinsights_sitenote_category":0,"footnotes":""},"class_list":["post-4310","page","type-page","status-publish","hentry"],"_links":{"self":[{"href":"https:\/\/stockholmhostel.se\/de\/wp-json\/wp\/v2\/pages\/4310","targetHints":{"allow":["GET"]}}],"collection":[{"href":"https:\/\/stockholmhostel.se\/de\/wp-json\/wp\/v2\/pages"}],"about":[{"href":"https:\/\/stockholmhostel.se\/de\/wp-json\/wp\/v2\/types\/page"}],"author":[{"embeddable":true,"href":"https:\/\/stockholmhostel.se\/de\/wp-json\/wp\/v2\/users\/33"}],"replies":[{"embeddable":true,"href":"https:\/\/stockholmhostel.se\/de\/wp-json\/wp\/v2\/comments?post=4310"}],"version-history":[{"count":3,"href":"https:\/\/stockholmhostel.se\/de\/wp-json\/wp\/v2\/pages\/4310\/revisions"}],"predecessor-version":[{"id":5072,"href":"https:\/\/stockholmhostel.se\/de\/wp-json\/wp\/v2\/pages\/4310\/revisions\/5072"}],"wp:attachment":[{"href":"https:\/\/stockholmhostel.se\/de\/wp-json\/wp\/v2\/media?parent=4310"}],"curies":[{"name":"wp","href":"https:\/\/api.w.org\/{rel}","templated":true}]}}